{"id":1447,"date":"2015-05-07T13:22:06","date_gmt":"2015-05-07T11:22:06","guid":{"rendered":"http:\/\/excel.fit.vutbr.cz\/2015\/excelfit-2015\/"},"modified":"2015-11-18T10:41:43","modified_gmt":"2015-11-18T09:41:43","slug":"galerie","status":"publish","type":"page","link":"https:\/\/excel.fit.vutbr.cz\/2015\/galerie\/","title":{"rendered":"Galerie"},"content":{"rendered":"<h2>Excel@FIT v m\u00e9di\u00edch<\/h2>\n<ul>\n<li><a href=\"http:\/\/www.vutium.vutbr.cz\/udalosti\/u1505.pdf\">Ud\u00e1losti 5\/2015<\/a> (str. 10)<\/li>\n<li><a href=\"http:\/\/zvut.cz\/vzdelani\/vzdelani-f38144\/student-uci-chodit-sestinoheho-robota-inspiraci-hleda-u-brouku-d102407\">Student u\u010d\u00ed chodit \u0161estinoh\u00e9ho robota. Inspiraci hled\u00e1 u brouk\u016f<\/a><\/li>\n<li><a href=\"https:\/\/www.youtube.com\/watch?v=RI1uc7Cyj5I\">Brn\u011bnsk\u00e1 televize B-TV: report\u00e1\u017e o Excel@FIT<\/a> (zdroj: http:\/\/www.b-tv.cz\/zurnal.html?ep=3281)<\/li>\n<li><a href=\"http:\/\/www.vycvik-stabu.cz\/excelfit-2015\/\">Excel@FIT 2015<\/a> (vycvik-stabu.cz)<\/li>\n<li><a href=\"http:\/\/www.vrgroup.cz\/index.php\/news\/47-excel-fit-2015\">Excel@FIT 2015<\/a> (vrgroup.cz)<\/li>\n<\/ul>\n<h2>Videa z akce<\/h2>\n<div class=\"embed-responsive embed-responsive-16by9\">\n\t<iframe class=\"embed-responsive-item\" src=\"https:\/\/www.youtube.com\/embed\/OATXvLCRSSk\" allowfullscreen><\/iframe>\n<\/div>\n<hr>\n<div class=\"embed-responsive embed-responsive-16by9\">\n\t<iframe class=\"embed-responsive-item\" src=\"https:\/\/www.youtube.com\/embed\/-wJhOLoIY6U\" allowfullscreen><\/iframe>\n<\/div>\n<h2>Fotky z akce<\/h2>\nngg_shortcode_0_placeholder\n","protected":false},"excerpt":{"rendered":"<p>Excel@FIT v m\u00e9di\u00edch Ud\u00e1losti 5\/2015 (str. 10) Student u\u010d\u00ed chodit \u0161estinoh\u00e9ho robota. Inspiraci hled\u00e1 u brouk\u016f Brn\u011bnsk\u00e1 televize B-TV: report\u00e1\u017e o Excel@FIT (zdroj: http:\/\/www.b-tv.cz\/zurnal.html?ep=3281) Excel@FIT 2015 (vycvik-stabu.cz) Excel@FIT 2015 (vrgroup.cz) Videa z akce Fotky z akce<\/p>\n","protected":false},"author":2,"featured_media":0,"parent":0,"menu_order":0,"comment_status":"closed","ping_status":"open","template":"","meta":{"_monsterinsights_skip_tracking":false,"_monsterinsights_sitenote_active":false,"_monsterinsights_sitenote_note":"","_monsterinsights_sitenote_category":0,"ngg_post_thumbnail":0,"footnotes":""},"class_list":["post-1447","page","type-page","status-publish","hentry"],"_links":{"self":[{"href":"https:\/\/excel.fit.vutbr.cz\/2015\/wp-json\/wp\/v2\/pages\/1447","targetHints":{"allow":["GET"]}}],"collection":[{"href":"https:\/\/excel.fit.vutbr.cz\/2015\/wp-json\/wp\/v2\/pages"}],"about":[{"href":"https:\/\/excel.fit.vutbr.cz\/2015\/wp-json\/wp\/v2\/types\/page"}],"author":[{"embeddable":true,"href":"https:\/\/excel.fit.vutbr.cz\/2015\/wp-json\/wp\/v2\/users\/2"}],"replies":[{"embeddable":true,"href":"https:\/\/excel.fit.vutbr.cz\/2015\/wp-json\/wp\/v2\/comments?post=1447"}],"version-history":[{"count":27,"href":"https:\/\/excel.fit.vutbr.cz\/2015\/wp-json\/wp\/v2\/pages\/1447\/revisions"}],"predecessor-version":[{"id":1506,"href":"https:\/\/excel.fit.vutbr.cz\/2015\/wp-json\/wp\/v2\/pages\/1447\/revisions\/1506"}],"wp:attachment":[{"href":"https:\/\/excel.fit.vutbr.cz\/2015\/wp-json\/wp\/v2\/media?parent=1447"}],"curies":[{"name":"wp","href":"https:\/\/api.w.org\/{rel}","templated":true}]}}