{"id":270,"date":"2014-10-15T18:12:20","date_gmt":"2014-10-15T16:12:20","guid":{"rendered":"http:\/\/excel.fit.vutbr.cz\/2015\/?page_id=270"},"modified":"2015-02-17T13:20:26","modified_gmt":"2015-02-17T12:20:26","slug":"kontakt","status":"publish","type":"page","link":"https:\/\/excel.fit.vutbr.cz\/2015\/kontakt\/","title":{"rendered":"Kontakt"},"content":{"rendered":"<table class=\"table table-hover table-bordered\">\n<tbody>\n<tr>\n<th>P\u0159edseda rady Excel@FIT:<\/th>\n<td><a title=\"prof. Ing. Tom\u00e1\u0161 Hru\u0161ka, CSc.\" href=\"http:\/\/www.fit.vutbr.cz\/~hruska\/\">prof. Ing. Tom\u00e1\u0161 Hru\u0161ka, CSc.<\/a><\/td>\n<\/tr>\n<tr>\n<th>V\u00fdkonn\u00fd p\u0159edseda rady Excel@FIT:<\/th>\n<td><a title=\"Ing. V\u00edt\u011bzslav Beran, Ph.D.\" href=\"http:\/\/www.fit.vutbr.cz\/~beranv\/\">Ing. V\u00edt\u011bzslav Beran, Ph.D.<\/a><\/td>\n<\/tr>\n<tr>\n<th>Z\u00e1stupce pro sponzory konference:<\/th>\n<td><a title=\"doc. RNDr. Jitka Kresl\u00edkov\u00e1, CSc.\" href=\"http:\/\/www.fit.vutbr.cz\/~kreslika\/\" target=\"blank\">doc. RNDr. Jitka Kresl\u00edkov\u00e1, CSc.<\/a><\/td>\n<\/tr>\n<tr>\n<th>Z\u00e1stupce pro spolupr\u00e1ci s FIT:<\/th>\n<td><a title=\"prof. Dr. Ing. Pavel Zem\u010d\u00edk\" href=\"http:\/\/www.fit.vutbr.cz\/~zemcik\/\" target=\"blank\">prof. Dr. Ing. Pavel Zem\u010d\u00edk<\/a><\/td>\n<\/tr>\n<tr>\n<th>Webmaster:<\/th>\n<td><a title=\"Ing. Josef \u017di\u017eka\" href=\"http:\/\/www.fit.vutbr.cz\/~zizkaj\/\">Ing. Josef \u017di\u017eka<\/a><\/td>\n<\/tr>\n<\/tbody>\n<\/table>\n<div class=\"well well-lg\"><strong>Email: <a href=\"mailto:excel@fit.vutbr.cz\">excel@fit.vutbr.cz<\/a><\/strong><\/div>\n<address><strong>Adresa kon\u00e1n\u00ed sout\u011b\u017ee:<\/strong><br \/> Fakulta informa\u010dn\u00edch technologi\u00ed<br \/> Vysok\u00e9ho u\u010den\u00ed technick\u00e9ho v Brn\u011b<br \/> Bo\u017eet\u011bchova 1\/2<br \/> 612 66 Brno, Czech Republic<\/address>\n<p><iframe loading=\"lazy\" class=\"embed-responsive-item\" style=\"border: 0;\" src=\"https:\/\/www.google.com\/maps\/embed?pb=!1m14!1m8!1m3!1d2605.6299844184045!2d16.597121999999995!3d49.226544000000004!3m2!1i1024!2i768!4f13.1!3m3!1m2!1s0x471294099dc06bbb%3A0xbfcf161b01a48b0d!2sFakulta+informa%C4%8Dn%C3%ADch+technologi%C3%AD+VUT+v+Brn%C4%9B!5e0!3m2!1scs!2scz!4v1413557771477\" width=\"100%\" height=\"400\" frameborder=\"0\"><\/iframe><\/p>\n<p><!--\n\n<h2>Media kit<\/h2>\n\n\n\n\n<ul>\n\n\n<li>Excel@FIT logo - <a href=\"\/wp-content\/mediakit\/Excel@FIT-logo.png\">PNG<\/a>, <a href=\"\/wp-content\/mediakit\/Excel@FIT-logo.pdf\">PDF<\/a><\/li>\n\n\n\n\n<li><a href=\"\/galerie\">Fotografie<\/a><\/li>\n\n\n<\/ul>\n\n--><\/p>\n","protected":false},"excerpt":{"rendered":"<p>P\u0159edseda rady Excel@FIT: prof. Ing. Tom\u00e1\u0161 Hru\u0161ka, CSc. V\u00fdkonn\u00fd p\u0159edseda rady Excel@FIT: Ing. V\u00edt\u011bzslav Beran, Ph.D. Z\u00e1stupce pro sponzory konference: doc. RNDr. Jitka Kresl\u00edkov\u00e1, CSc. Z\u00e1stupce pro spolupr\u00e1ci s FIT: prof. Dr. Ing. Pavel Zem\u010d\u00edk Webmaster: Ing. Josef \u017di\u017eka Email: excel@fit.vutbr.cz Adresa kon\u00e1n\u00ed sout\u011b\u017ee: Fakulta informa\u010dn\u00edch technologi\u00ed Vysok\u00e9ho u\u010den\u00ed technick\u00e9ho v Brn\u011b Bo\u017eet\u011bchova 1\/2 612 [&hellip;]<\/p>\n","protected":false},"author":2,"featured_media":0,"parent":0,"menu_order":0,"comment_status":"closed","ping_status":"open","template":"","meta":{"_monsterinsights_skip_tracking":false,"_monsterinsights_sitenote_active":false,"_monsterinsights_sitenote_note":"","_monsterinsights_sitenote_category":0,"ngg_post_thumbnail":0,"footnotes":""},"class_list":["post-270","page","type-page","status-publish","hentry"],"_links":{"self":[{"href":"https:\/\/excel.fit.vutbr.cz\/2015\/wp-json\/wp\/v2\/pages\/270","targetHints":{"allow":["GET"]}}],"collection":[{"href":"https:\/\/excel.fit.vutbr.cz\/2015\/wp-json\/wp\/v2\/pages"}],"about":[{"href":"https:\/\/excel.fit.vutbr.cz\/2015\/wp-json\/wp\/v2\/types\/page"}],"author":[{"embeddable":true,"href":"https:\/\/excel.fit.vutbr.cz\/2015\/wp-json\/wp\/v2\/users\/2"}],"replies":[{"embeddable":true,"href":"https:\/\/excel.fit.vutbr.cz\/2015\/wp-json\/wp\/v2\/comments?post=270"}],"version-history":[{"count":63,"href":"https:\/\/excel.fit.vutbr.cz\/2015\/wp-json\/wp\/v2\/pages\/270\/revisions"}],"predecessor-version":[{"id":679,"href":"https:\/\/excel.fit.vutbr.cz\/2015\/wp-json\/wp\/v2\/pages\/270\/revisions\/679"}],"wp:attachment":[{"href":"https:\/\/excel.fit.vutbr.cz\/2015\/wp-json\/wp\/v2\/media?parent=270"}],"curies":[{"name":"wp","href":"https:\/\/api.w.org\/{rel}","templated":true}]}}