{"id":1447,"date":"2015-05-07T13:22:06","date_gmt":"2015-05-07T11:22:06","guid":{"rendered":"http:\/\/excel.fit.vutbr.cz\/2017\/excelfit-2015\/"},"modified":"2018-03-30T08:57:40","modified_gmt":"2018-03-30T06:57:40","slug":"galerie","status":"publish","type":"page","link":"https:\/\/excel.fit.vutbr.cz\/2017\/galerie\/","title":{"rendered":"Galerie"},"content":{"rendered":"<h2>Excel@FIT 2017 v m\u00e9di\u00edch<\/h2>\n<ul>\n<li><a href=\"\/download\/Excel@FIT-2017-report.pdf\">Shrnut\u00ed konference Excel@FIT 2017<\/a><\/li>\n<li><a href=\"http:\/\/www.ceskatelevize.cz\/porady\/10324452510-udalosti-v-regionech-plus-brno\/317281381950504-udalosti-v-regionech-plus\">Ud\u00e1losti v regionech plus 4. 5. 2017<\/a> (od 5:30, www.ceskatelevize.cz)<\/li>\n<li><a href=\"https:\/\/www.vutbr.cz\/tiskove-zpravy-f19527\/informatici-z-vut-nabizi-chytra-parkovaci-reseni-i-testovani-bezpecnosti-wi-fi-pripojeni-d141010\">Informatici z VUT nab\u00edz\u00ed chytr\u00e1 parkovac\u00ed \u0159e\u0161en\u00ed i testov\u00e1n\u00ed bezpe\u010dnosti wi-fi p\u0159ipojen\u00ed<\/a> (www.vutbr.cz)<\/li>\n<li><a href=\"https:\/\/www.novinky.cz\/veda-skoly\/436903-student-brnenske-techniky-predstavil-system-chytreho-parkovani.html\">Student brn\u011bnsk\u00e9 techniky p\u0159edstavil syst\u00e9m chytr\u00e9ho parkov\u00e1n\u00ed<\/a> (www.novinky.cz)<\/li>\n<li><a href=\"http:\/\/sciencemag.cz\/na-parkovani-neuronovou-siti\/\">Na parkov\u00e1n\u00ed neuronovou s\u00edt\u00ed<\/a> (sciencemag.cz)<\/li>\n<li><a href=\"https:\/\/www.volty.cz\/2017\/05\/04\/vut-nabizi-chytre-parkovani-pro-chytre-mesta\/\">VUT nab\u00edz\u00ed chytr\u00e9 parkov\u00e1n\u00ed pro chytr\u00e9 m\u011bsta<\/a> (www.volty.cz)<\/li>\n<li><a href=\"http:\/\/www.rozhlas.cz\/brno\/zpravodajstvi\/_zprava\/1724795\">Student VUT vym\u00fd\u0161l\u00ed program, kter\u00fd navede \u0159idi\u010de k pr\u00e1zdn\u00e9mu parkovac\u00edmu m\u00edstu<\/a> (http:\/\/www.rozhlas.cz)<\/li>\n<\/ul>\n<h2>Videa z akce<\/h2>\n<div class=\"embed-responsive embed-responsive-16by9\">\n        <iframe class=\"embed-responsive-item\" src=\"https:\/\/www.youtube.com\/embed\/prkSutuxzuQ\" allowfullscreen><\/iframe>\n<\/div>\n<hr>\n<div class=\"embed-responsive embed-responsive-16by9\">\n\t<iframe class=\"embed-responsive-item\" src=\"https:\/\/www.youtube.com\/embed\/12SDFWtrxNg\" allowfullscreen><\/iframe>\n<\/div>\n<h2>Fotky z akce<\/h2>\n<ul>\n<li><a href=\"https:\/\/www.zonerama.com\/excelatfit\/417325\"><strong>Kompletn\u00ed fotogalerie<\/strong> Excel@FIT 2017 v Zonerama<\/a><\/li>\n<\/ul>\nngg_shortcode_0_placeholder\n","protected":false},"excerpt":{"rendered":"<p>Excel@FIT 2017 v m\u00e9di\u00edch Shrnut\u00ed konference Excel@FIT 2017 Ud\u00e1losti v regionech plus 4. 5. 2017 (od 5:30, www.ceskatelevize.cz) Informatici z VUT nab\u00edz\u00ed chytr\u00e1 parkovac\u00ed \u0159e\u0161en\u00ed i testov\u00e1n\u00ed bezpe\u010dnosti wi-fi p\u0159ipojen\u00ed (www.vutbr.cz) Student brn\u011bnsk\u00e9 techniky p\u0159edstavil syst\u00e9m chytr\u00e9ho parkov\u00e1n\u00ed (www.novinky.cz) Na parkov\u00e1n\u00ed neuronovou s\u00edt\u00ed (sciencemag.cz) VUT nab\u00edz\u00ed chytr\u00e9 parkov\u00e1n\u00ed pro chytr\u00e9 m\u011bsta (www.volty.cz) Student VUT vym\u00fd\u0161l\u00ed [&hellip;]<\/p>\n","protected":false},"author":2,"featured_media":2607,"parent":0,"menu_order":0,"comment_status":"closed","ping_status":"closed","template":"","meta":{"_monsterinsights_skip_tracking":false,"_monsterinsights_sitenote_active":false,"_monsterinsights_sitenote_note":"","_monsterinsights_sitenote_category":0,"ngg_post_thumbnail":0,"footnotes":""},"class_list":["post-1447","page","type-page","status-publish","has-post-thumbnail","hentry"],"_links":{"self":[{"href":"https:\/\/excel.fit.vutbr.cz\/2017\/wp-json\/wp\/v2\/pages\/1447","targetHints":{"allow":["GET"]}}],"collection":[{"href":"https:\/\/excel.fit.vutbr.cz\/2017\/wp-json\/wp\/v2\/pages"}],"about":[{"href":"https:\/\/excel.fit.vutbr.cz\/2017\/wp-json\/wp\/v2\/types\/page"}],"author":[{"embeddable":true,"href":"https:\/\/excel.fit.vutbr.cz\/2017\/wp-json\/wp\/v2\/users\/2"}],"replies":[{"embeddable":true,"href":"https:\/\/excel.fit.vutbr.cz\/2017\/wp-json\/wp\/v2\/comments?post=1447"}],"version-history":[{"count":69,"href":"https:\/\/excel.fit.vutbr.cz\/2017\/wp-json\/wp\/v2\/pages\/1447\/revisions"}],"predecessor-version":[{"id":2694,"href":"https:\/\/excel.fit.vutbr.cz\/2017\/wp-json\/wp\/v2\/pages\/1447\/revisions\/2694"}],"wp:featuredmedia":[{"embeddable":true,"href":"https:\/\/excel.fit.vutbr.cz\/2017\/wp-json\/wp\/v2\/media\/2607"}],"wp:attachment":[{"href":"https:\/\/excel.fit.vutbr.cz\/2017\/wp-json\/wp\/v2\/media?parent=1447"}],"curies":[{"name":"wp","href":"https:\/\/api.w.org\/{rel}","templated":true}]}}