{"id":1447,"date":"2015-05-07T13:22:06","date_gmt":"2015-05-07T11:22:06","guid":{"rendered":"http:\/\/excel.fit.vutbr.cz\/2018\/excelfit-2015\/"},"modified":"2018-11-28T16:02:47","modified_gmt":"2018-11-28T15:02:47","slug":"galerie","status":"publish","type":"page","link":"https:\/\/excel.fit.vutbr.cz\/2018\/galerie\/","title":{"rendered":"Galerie"},"content":{"rendered":"<h2>Excel@FIT 2018 v m\u00e9di\u00edch<\/h2>\n<ul>\n<li><a href=\"https:\/\/www.vutbr.cz\/vut\/aktuality-f19528\/excel-fit-2018-aplikace-pomuzou-pecovatelskym-sluzbam-nebo-pri-planovani-dovolene-d170516\">Excel@FIT 2018: Aplikace pom\u016f\u017eou pe\u010dovatelsk\u00fdm slu\u017eb\u00e1m nebo p\u0159i pl\u00e1nov\u00e1n\u00ed dovolen\u00e9<\/a> (www.vutbr.cz)<\/li>\n<\/ul>\n<h2>Videa z akce<\/h2>\n<div class=\"embed-responsive embed-responsive-16by9\">\n        <iframe class=\"embed-responsive-item\" src=\"https:\/\/www.youtube.com\/embed\/9ItE73sTvsE\" allowfullscreen><\/iframe>\n<\/div>\n<hr>\n<div class=\"embed-responsive embed-responsive-16by9\">\n\t<iframe class=\"embed-responsive-item\" src=\"https:\/\/www.youtube.com\/embed\/inlwS3G30vM\" allowfullscreen><\/iframe>\n<\/div>\n<h2>Fotky z akce<\/h2>\n<ul>\n<li><a href=\"https:\/\/www.zonerama.com\/excelatfit\/579663\"><strong>Kompletn\u00ed fotogalerie<\/strong> Excel@FIT 2018 v Zonerama<\/a><\/li>\n<\/ul>\nngg_shortcode_0_placeholder\n","protected":false},"excerpt":{"rendered":"<p>Excel@FIT 2018 v m\u00e9di\u00edch Excel@FIT 2018: Aplikace pom\u016f\u017eou pe\u010dovatelsk\u00fdm slu\u017eb\u00e1m nebo p\u0159i pl\u00e1nov\u00e1n\u00ed dovolen\u00e9 (www.vutbr.cz) Videa z akce Fotky z akce Kompletn\u00ed fotogalerie Excel@FIT 2018 v Zonerama<\/p>\n","protected":false},"author":2,"featured_media":2884,"parent":0,"menu_order":0,"comment_status":"closed","ping_status":"closed","template":"","meta":{"_monsterinsights_skip_tracking":false,"_monsterinsights_sitenote_active":false,"_monsterinsights_sitenote_note":"","_monsterinsights_sitenote_category":0,"ngg_post_thumbnail":0,"footnotes":""},"class_list":["post-1447","page","type-page","status-publish","has-post-thumbnail","hentry"],"_links":{"self":[{"href":"https:\/\/excel.fit.vutbr.cz\/2018\/wp-json\/wp\/v2\/pages\/1447","targetHints":{"allow":["GET"]}}],"collection":[{"href":"https:\/\/excel.fit.vutbr.cz\/2018\/wp-json\/wp\/v2\/pages"}],"about":[{"href":"https:\/\/excel.fit.vutbr.cz\/2018\/wp-json\/wp\/v2\/types\/page"}],"author":[{"embeddable":true,"href":"https:\/\/excel.fit.vutbr.cz\/2018\/wp-json\/wp\/v2\/users\/2"}],"replies":[{"embeddable":true,"href":"https:\/\/excel.fit.vutbr.cz\/2018\/wp-json\/wp\/v2\/comments?post=1447"}],"version-history":[{"count":76,"href":"https:\/\/excel.fit.vutbr.cz\/2018\/wp-json\/wp\/v2\/pages\/1447\/revisions"}],"predecessor-version":[{"id":2934,"href":"https:\/\/excel.fit.vutbr.cz\/2018\/wp-json\/wp\/v2\/pages\/1447\/revisions\/2934"}],"wp:featuredmedia":[{"embeddable":true,"href":"https:\/\/excel.fit.vutbr.cz\/2018\/wp-json\/wp\/v2\/media\/2884"}],"wp:attachment":[{"href":"https:\/\/excel.fit.vutbr.cz\/2018\/wp-json\/wp\/v2\/media?parent=1447"}],"curies":[{"name":"wp","href":"https:\/\/api.w.org\/{rel}","templated":true}]}}