{"id":1447,"date":"2015-05-07T13:22:06","date_gmt":"2015-05-07T11:22:06","guid":{"rendered":"http:\/\/excel.fit.vutbr.cz\/2019\/excelfit-2015\/"},"modified":"2019-12-05T00:44:31","modified_gmt":"2019-12-04T23:44:31","slug":"galerie","status":"publish","type":"page","link":"https:\/\/excel.fit.vutbr.cz\/2019\/galerie\/","title":{"rendered":"Galerie"},"content":{"rendered":"<h2>Excel@FIT 2019 v m\u00e9di\u00edch<\/h2>\r\n<ul>\r\n\t<li><a href=\"http:\/\/www.fit.vutbr.cz\/news\/news-t.php?id=2420\">Excel@FIT 2019: Studentka navrhla novou metodu pro klasifikaci bakteri\u00ed<\/a> (www.fit.vutbr.cz)<\/li>\r\n\t<li><a href=\"https:\/\/feedit.cz\/2019\/04\/25\/excelfit-2019-studentka-navrhla-novou-metodu-pro-klasifikaci-bakterii\/\">Excel@FIT 2019: Studentka navrhla novou metodu pro klasifikaci bakteri\u00ed<\/a> (feedit.cz)<\/li>\r\n\t<li><a href=\"https:\/\/www.technickytydenik.cz\/rubriky\/denni-zpravodajstvi\/excel-fit-2019-studentka-navrhla-novou-metodu-pro-klasifikaci-bakterii_47020.html\">Excel@FIT 2019: Studentka navrhla novou metodu pro klasifikaci bakteri\u00ed<\/a> (www.technickytydenik.cz)<\/li>\r\n\t<li><a href=\"https:\/\/drive.google.com\/file\/d\/12M6I_-rmHMjr3w7BJNewuXfixcZiv6Bw\/view\">\u010ce\u0161i p\u0159isp\u011bli k odhalov\u00e1n\u00ed pad\u011blk\u016f podpis\u016f<\/a> (Pr\u00e1vo)<\/li>\r\n<\/ul>\r\n<h2>Instagram<\/h2>\r\n<ul>\r\n\t<li><a href=\"https:\/\/www.instagram.com\/stories\/highlights\/17880109747340585\/\">Instagram stories<\/a><\/li>\r\n<\/ul>\r\n\r\n<h2>Fotky z akce<\/h2>\r\n<ul>\r\n\t<li><a href=\"https:\/\/www.zonerama.com\/excelatfit\/731321\"><strong>Kompletn\u00ed fotogalerie<\/strong> Excel@FIT 2019 v Zonerama<\/a><\/li>\r\n<\/ul>\r\n\r\nngg_shortcode_0_placeholder","protected":false},"excerpt":{"rendered":"Excel@FIT 2019 v m\u00e9di\u00edch Excel@FIT 2019: Studentka navrhla novou metodu pro klasifikaci bakteri\u00ed (www.fit.vutbr.cz) Excel@FIT 2019: Studentka navrhla novou metodu pro klasifikaci bakteri\u00ed (feedit.cz) Excel@FIT 2019: Studentka navrhla novou metodu pro klasifikaci bakteri\u00ed (www.technickytydenik.cz) \u010ce\u0161i p\u0159isp\u011bli k odhalov\u00e1n\u00ed pad\u011blk\u016f podpis\u016f (Pr\u00e1vo) Instagram Instagram stories Fotky z akce Kompletn\u00ed fotogalerie Excel@FIT 2019 v Zonerama","protected":false},"author":2,"featured_media":2884,"parent":0,"menu_order":0,"comment_status":"closed","ping_status":"closed","template":"","meta":{"_monsterinsights_skip_tracking":false,"_monsterinsights_sitenote_active":false,"_monsterinsights_sitenote_note":"","_monsterinsights_sitenote_category":0,"ngg_post_thumbnail":0,"footnotes":""},"class_list":["post-1447","page","type-page","status-publish","has-post-thumbnail","hentry"],"_links":{"self":[{"href":"https:\/\/excel.fit.vutbr.cz\/2019\/wp-json\/wp\/v2\/pages\/1447","targetHints":{"allow":["GET"]}}],"collection":[{"href":"https:\/\/excel.fit.vutbr.cz\/2019\/wp-json\/wp\/v2\/pages"}],"about":[{"href":"https:\/\/excel.fit.vutbr.cz\/2019\/wp-json\/wp\/v2\/types\/page"}],"author":[{"embeddable":true,"href":"https:\/\/excel.fit.vutbr.cz\/2019\/wp-json\/wp\/v2\/users\/2"}],"replies":[{"embeddable":true,"href":"https:\/\/excel.fit.vutbr.cz\/2019\/wp-json\/wp\/v2\/comments?post=1447"}],"version-history":[{"count":80,"href":"https:\/\/excel.fit.vutbr.cz\/2019\/wp-json\/wp\/v2\/pages\/1447\/revisions"}],"predecessor-version":[{"id":3058,"href":"https:\/\/excel.fit.vutbr.cz\/2019\/wp-json\/wp\/v2\/pages\/1447\/revisions\/3058"}],"wp:featuredmedia":[{"embeddable":true,"href":"https:\/\/excel.fit.vutbr.cz\/2019\/wp-json\/wp\/v2\/media\/2884"}],"wp:attachment":[{"href":"https:\/\/excel.fit.vutbr.cz\/2019\/wp-json\/wp\/v2\/media?parent=1447"}],"curies":[{"name":"wp","href":"https:\/\/api.w.org\/{rel}","templated":true}]}}