{"id":1868,"date":"2015-11-30T22:39:42","date_gmt":"2015-11-30T21:39:42","guid":{"rendered":"http:\/\/excel.fit.vutbr.cz\/2020\/?page_id=1868"},"modified":"2020-02-14T22:08:16","modified_gmt":"2020-02-14T21:08:16","slug":"pro-firmy","status":"publish","type":"page","link":"https:\/\/excel.fit.vutbr.cz\/2020\/pro-firmy\/","title":{"rendered":"Pro firmy"},"content":{"rendered":"\r\n<div class=\"row\">\r\n    <div class=\"col-md-10 col-md-offset-1\">\r\n\r\n        <p>V\u00e1\u017een\u00ed partne\u0159i,<\/p>\r\n        <p>r\u00e1di bychom V\u00e1s pozvali na konferenci studentsk\u00e9 tv\u016fr\u010d\u00ed odborn\u00e9 \u010dinnosti Excel@FIT, kterou po\u0159\u00e1d\u00e1 Fakulta informa\u010dn\u00edch technologi\u00ed VUT v Brn\u011b. Konference si klade za c\u00edl prezentovat zaj\u00edmav\u00e9 n\u00e1pady, technick\u00e1 \u0159e\u0161en\u00ed a odborn\u00e9 v\u00fdsledky student\u016f v oblasti informa\u010dn\u00edch technologi\u00ed a nab\u00eddnout mo\u017enost setk\u00e1v\u00e1n\u00ed student\u016f, v\u00fdzkumn\u00edk\u016f a odborn\u00edk\u016f z pr\u016fmyslu a sd\u00edlen\u00ed my\u0161lenek a zku\u0161enost\u00ed.<\/p>\r\n        <p>V r\u00e1mci konference prezentuj\u00ed \u0161ikovn\u00ed studenti bakal\u00e1\u0159sk\u00fdch, magistersk\u00fdch a doktorsk\u00fdch studijn\u00edch program\u016f Fakulty informa\u010dn\u00edch technologi\u00ed zaj\u00edmav\u00e9 v\u00fdsledky sv\u00e9 tv\u016fr\u010d\u00ed pr\u00e1ce. Prezentace student\u016f prob\u00edhaj\u00ed ve\u0159ejn\u011b, a to jak formou \u00fastn\u00ed prezentace v hlavn\u00edm s\u00e1le, tak formou p\u0159ehl\u00eddky plak\u00e1t\u016f a demonstr\u00e1tor\u016f v prostor\u00e1ch konference. M\u00e1te tak nejen mo\u017enost sezn\u00e1mit se s v\u00fdsledky vybran\u00fdch student\u016f, ale d\u00e1le i mo\u017enost osobn\u011b je prodiskutovat p\u0159\u00edmo s jejich autory.<\/p>\r\n        <p>Aktivn\u00ed \u00fa\u010dast firem na konferenci je d\u016fle\u017eitou sou\u010d\u00e1st\u00ed Excel@FIT. Mo\u017enost aktivn\u00ed partnersk\u00e9 \u00fa\u010dasti na konferenci je vyhrazena pouze pro <a href=\"https:\/\/www.fit.vut.cz\/cooperation\/cooperation-with-companies\/.cs\">partnery<\/a> FIT VUT v Brn\u011b.<\/p>\r\n        <p>P\u0159ehledn\u011bji viz tabulka:<\/p>\r\n\r\n        \r\n    \r\n    <table id=\"sponsorship-table\" class=\"table table-hover table-bordered\">\r\n    <thead>\r\n    <tr>\r\n    <th>\u00darove\u0148<\/th>\r\n    <th>Hlavn\u00ed<\/th>\r\n    <th>Gener\u00e1ln\u00ed<\/th>\r\n    <\/tr>\r\n    <\/thead>\r\n    <tbody>\r\n    <tr>\r\n    <td><strong>Logo<\/strong> na prezenta\u010dn\u00edch materi\u00e1lech konference (web, jmenovka apod.) a jmenovit\u00e9 <strong>pod\u011bkov\u00e1n\u00ed<\/strong> v pr\u016fb\u011bhu slavnostn\u00edho vyhla\u0161ov\u00e1n\u00ed v\u00fdsledk\u016f,<\/td>\r\n    <td class=\"text-center\"><i class=\"glyphicon glyphicon-ok\" aria-hidden=\"true\"><\/i><\/td>\r\n    <td class=\"text-center\"><i class=\"glyphicon glyphicon-ok\" aria-hidden=\"true\"><\/i><\/td>\r\n    <\/tr>\r\n    <tr>\r\n    <td>Mo\u017enost navrhnout <strong>sv\u00e9 odborn\u00edky<\/strong> jako <strong>\u010dleny odborn\u00fdch komis\u00ed<\/strong> pro v\u00fdb\u011br prac\u00ed k prezentaci na konferenci a\/nebo k ocen\u011bn\u00ed,<\/td>\r\n    <td class=\"text-center\"><i class=\"glyphicon glyphicon-ok\" aria-hidden=\"true\"><\/i><\/td>\r\n    <td class=\"text-center\"><i class=\"glyphicon glyphicon-ok\" aria-hidden=\"true\"><\/i><\/td>\r\n    <\/tr>\r\n    <tr>\r\n    <td>Mo\u017enost navrhnout a p\u0159edat <strong>jedno zvl\u00e1\u0161tn\u00ed ocen\u011bn\u00ed za partnera<\/strong>, v r\u00e1mci p\u0159ed\u00e1n\u00ed bude prostor pro kr\u00e1tkou prezentaci firmy, mo\u017enost stru\u010dn\u00e9ho zd\u016fvodn\u011bn\u00ed v\u00fdb\u011bru pr\u00e1ce s n\u00e1vaznost\u00ed na odborn\u00e9 zam\u011b\u0159en\u00ed firmy v d\u00e9lce max. 30 vte\u0159in. Konkr\u00e9tn\u00ed cenu zajist\u00ed partner ve vlastn\u00ed re\u017eii a dle vlastn\u00ed preference a uv\u00e1\u017een\u00ed,<\/td>\r\n    <td class=\"text-center\"><i class=\"glyphicon glyphicon-ok\" aria-hidden=\"true\"><\/i><\/td>\r\n    <td class=\"text-center\"><i class=\"glyphicon glyphicon-ok\" aria-hidden=\"true\"><\/i><\/td>\r\n    <\/tr>\r\n    <tr>\r\n    <td>Mo\u017enost b\u00fdt <strong>\u010dleny Panelov\u00e9 diskuze<\/strong>, kter\u00e1 prob\u011bhne v hlavn\u00edm s\u00e1le konference,<\/td>\r\n    <td class=\"text-center\"><i class=\"glyphicon glyphicon-ok\" aria-hidden=\"true\"><\/i><\/td>\r\n    <td class=\"text-center\"><i class=\"glyphicon glyphicon-ok\" aria-hidden=\"true\"><\/i><\/td>\r\n    <\/tr>\r\n    <tr>\r\n    <td><strong>Plak\u00e1t<\/strong> (max. \u0161\u00ed\u0159ka\/v\u00fd\u0161ka 1\u00d72 [m]) a mal\u00fd <strong>stolek<\/strong> (60x60[cm]) v prostor\u00e1ch konference (prostor 1\u00d71[m]), <strong>mo\u017enost praktick\u00fdch uk\u00e1zek<\/strong> odborn\u00fdch v\u00fdsledk\u016f firmy na stanovi\u0161ti na vlastn\u00edm notebooku nebo tabletu,<\/td>\r\n    <td class=\"text-center\"><i class=\"glyphicon glyphicon-ok\" aria-hidden=\"true\"><\/i><\/td>\r\n    <td><\/td>\r\n    <\/tr>\r\n    <tr>\r\n    <td>Mo\u017enost navrhnout a p\u0159edat <strong>dv\u011b zvl\u00e1\u0161tn\u00ed ocen\u011bn\u00ed za partnera<\/strong>, v r\u00e1mci p\u0159ed\u00e1n\u00ed bude prostor pro kr\u00e1tkou prezentaci firmy, mo\u017enost stru\u010dn\u00e9ho zd\u016fvodn\u011bn\u00ed v\u00fdb\u011bru pr\u00e1ce s n\u00e1vaznost\u00ed na odborn\u00e9 zam\u011b\u0159en\u00ed firmy  v d\u00e9lce max. 2 min. Konkr\u00e9tn\u00ed ceny zajist\u00ed partner ve vlastn\u00ed re\u017eii a dle vlastn\u00ed preference a uv\u00e1\u017een\u00ed,<\/td>\r\n    <td><\/td>\r\n    <td class=\"text-center\"><i class=\"glyphicon glyphicon-ok\" aria-hidden=\"true\"><\/i><\/td>\r\n    <\/tr>\r\n    <tr>\r\n    <td><strong>St\u00e1nek<\/strong> (max. hloubka\/\u0161\u00ed\u0159ka\/v\u00fd\u0161ka 2x3x2 [m]), <strong>video-prezentace<\/strong> na vlastn\u00ed obrazovce.<\/td>\r\n    <td><\/td>\r\n    <td class=\"text-center\"><i class=\"glyphicon glyphicon-ok\" aria-hidden=\"true\"><\/i><\/td>\r\n    <\/tr>\r\n    <\/tbody>\r\n    <\/table>\r\n\r\n    <p>V\u00edt\u00e1me \u00fa\u010dast \u0161irok\u00e9 odborn\u00e9 i laick\u00e9 ve\u0159ejnosti, proto je samotn\u00e1 (n\u00e1v\u0161t\u011bvnick\u00e1) <strong>\u00fa\u010dast na konferenci bezplatn\u00e1<\/strong>.<\/p>\r\n    <p>Pot\u0159ebn\u00e9 organiza\u010dn\u00ed informace dopl\u0148uj\u00edc\u00ed v\u00fd\u0161e uveden\u00e9 informace o konkr\u00e9tn\u00ed podm\u00ednky, harmonogram a praktick\u00e9 pokyny jsou k dispozici u z\u00e1stupce pro partnery konference <a href=\"http:\/\/excel.fit.vutbr.cz\/2020\/kontakt\/\">http:\/\/excel.fit.vutbr.cz\/2020\/kontakt\/<\/a><\/p>\r\n\r\n\r\n    <\/div>\r\n    <\/div>\r\n    ","protected":false},"excerpt":{"rendered":"","protected":false},"author":2,"featured_media":2489,"parent":0,"menu_order":0,"comment_status":"closed","ping_status":"closed","template":"","meta":{"_monsterinsights_skip_tracking":false,"_monsterinsights_sitenote_active":false,"_monsterinsights_sitenote_note":"","_monsterinsights_sitenote_category":0,"ngg_post_thumbnail":0,"footnotes":""},"class_list":["post-1868","page","type-page","status-publish","has-post-thumbnail","hentry"],"_links":{"self":[{"href":"https:\/\/excel.fit.vutbr.cz\/2020\/wp-json\/wp\/v2\/pages\/1868","targetHints":{"allow":["GET"]}}],"collection":[{"href":"https:\/\/excel.fit.vutbr.cz\/2020\/wp-json\/wp\/v2\/pages"}],"about":[{"href":"https:\/\/excel.fit.vutbr.cz\/2020\/wp-json\/wp\/v2\/types\/page"}],"author":[{"embeddable":true,"href":"https:\/\/excel.fit.vutbr.cz\/2020\/wp-json\/wp\/v2\/users\/2"}],"replies":[{"embeddable":true,"href":"https:\/\/excel.fit.vutbr.cz\/2020\/wp-json\/wp\/v2\/comments?post=1868"}],"version-history":[{"count":24,"href":"https:\/\/excel.fit.vutbr.cz\/2020\/wp-json\/wp\/v2\/pages\/1868\/revisions"}],"predecessor-version":[{"id":3057,"href":"https:\/\/excel.fit.vutbr.cz\/2020\/wp-json\/wp\/v2\/pages\/1868\/revisions\/3057"}],"wp:featuredmedia":[{"embeddable":true,"href":"https:\/\/excel.fit.vutbr.cz\/2020\/wp-json\/wp\/v2\/media\/2489"}],"wp:attachment":[{"href":"https:\/\/excel.fit.vutbr.cz\/2020\/wp-json\/wp\/v2\/media?parent=1868"}],"curies":[{"name":"wp","href":"https:\/\/api.w.org\/{rel}","templated":true}]}}