{"id":270,"date":"2014-10-15T18:12:20","date_gmt":"2014-10-15T16:12:20","guid":{"rendered":"http:\/\/excel.fit.vutbr.cz\/2020\/?page_id=270"},"modified":"2020-02-14T22:12:40","modified_gmt":"2020-02-14T21:12:40","slug":"kontakt","status":"publish","type":"page","link":"https:\/\/excel.fit.vutbr.cz\/2020\/kontakt\/","title":{"rendered":"Kontakt"},"content":{"rendered":"<table class=\"table table-hover table-bordered\">\r\n<tbody>\r\n<tr>\r\n<th>P\u0159edseda rady Excel@FIT:<\/th>\r\n<td><a title=\"Prof. Ing. Tom\u00e1\u0161 Hru\u0161ka, CSc.\" href=\"http:\/\/www.fit.vutbr.cz\/~hruska\/\">Prof. Ing. Tom\u00e1\u0161 Hru\u0161ka, CSc.<\/a><\/td>\r\n<\/tr>\r\n<tr>\r\n<th>V\u00fdkonn\u00fd p\u0159edseda rady Excel@FIT:<\/th>\r\n<td><a title=\"Ing. V\u00edt\u011bzslav Beran, Ph.D.\" href=\"http:\/\/www.fit.vutbr.cz\/~beranv\/\">Ing. V\u00edt\u011bzslav Beran, Ph.D.<\/a>\r\n<a title=\"Prof. Ing. Adam Herout, Ph.D.\" href=\"http:\/\/www.fit.vutbr.cz\/~herout\/\">Prof. Ing. Adam Herout, Ph.D.<\/a><\/td>\r\n<\/tr>\r\n<tr>\r\n<th>Programov\u00e1 rada Excel@FIT:<\/th>\r\n<td><a title=\"Ing. Martin Hrub\u00fd, Ph.D.\" href=\"http:\/\/www.fit.vutbr.cz\/~hrubym\/\">Ing. Martin Hrub\u00fd, Ph.D.<\/a>\r\n<a title=\"Ing. Igor Sz\u0151ke, Ph.D.\" href=\"http:\/\/www.fit.vutbr.cz\/~szoke\/\">Ing. Igor Sz\u0151ke, Ph.D.<\/a>\r\n<a title=\"Prof. Ing. Adam Herout, Ph.D.\" href=\"http:\/\/www.fit.vutbr.cz\/~herout\/\">Prof. Ing. Adam Herout, Ph.D.<\/a><\/td>\r\n<\/tr>\r\n<tr>\r\n<th>Z\u00e1stupce pro partnery konference:<\/th>\r\n<td><a title=\"Mgr. Sylva Sadovsk\u00e1.\" href=\"http:\/\/www.fit.vutbr.cz\/~sadov\/\" target=\"blank\" rel=\"noopener noreferrer\">Mgr. Sylva Sadovsk\u00e1<\/a><\/td>\r\n<\/tr>\r\n<tr>\r\n<th>Z\u00e1stupce pro spolupr\u00e1ci s FIT:<\/th>\r\n<td><a title=\"Ing. V\u00edt\u011bzslav Beran, Ph.D.\" href=\"http:\/\/www.fit.vutbr.cz\/~beranv\/\">Ing. V\u00edt\u011bzslav Beran, Ph.D.<\/a><\/td>\r\n<\/tr>\r\n<tr>\r\n<th>Webmaster:<\/th>\r\n<td><a title=\"Ing. Josef \u017di\u017eka\" href=\"http:\/\/www.fit.vutbr.cz\/~zizkaj\/\">Ing. Josef \u017di\u017eka<\/a><\/td>\r\n<\/tr>\r\n<\/tbody>\r\n<\/table>\r\n<div class=\"well well-lg\"><strong>Email: <a href=\"mailto:excel@fit.vutbr.cz\">excel@fit.vutbr.cz<\/a><\/strong><\/div>\r\n<address><strong>Adresa kon\u00e1n\u00ed sout\u011b\u017ee:<\/strong><br \/> Fakulta informa\u010dn\u00edch technologi\u00ed<br \/> Vysok\u00e9ho u\u010den\u00ed technick\u00e9ho v Brn\u011b<br \/> Bo\u017eet\u011bchova 1\/2<br \/> 612 66 Brno, Czech Republic<\/address><iframe loading=\"lazy\" class=\"embed-responsive-item\" style=\"border: 0;\" src=\"https:\/\/www.google.com\/maps\/embed?pb=!1m14!1m8!1m3!1d2605.6299844184045!2d16.597121999999995!3d49.226544000000004!3m2!1i1024!2i768!4f13.1!3m3!1m2!1s0x471294099dc06bbb%3A0xbfcf161b01a48b0d!2sFakulta+informa%C4%8Dn%C3%ADch+technologi%C3%AD+VUT+v+Brn%C4%9B!5e0!3m2!1scs!2scz!4v1413557771477\" width=\"100%\" height=\"400\" frameborder=\"0\"><\/iframe>\r\n\r\n<!--\r\n<h2>Media kit<\/h2>\r\n<ul>\r\n \t<li>Excel@FIT logo - <a href=\"\/wp-content\/mediakit\/Excel@FIT-logo.png\">PNG<\/a>, <a href=\"\/wp-content\/mediakit\/Excel@FIT-logo.pdf\">PDF<\/a><\/li>\r\n \t<li><a href=\"\/galerie\">Fotografie<\/a><\/li>\r\n<\/ul>\r\n-->","protected":false},"excerpt":{"rendered":"P\u0159edseda rady Excel@FIT: Prof. Ing. Tom\u00e1\u0161 Hru\u0161ka, CSc. V\u00fdkonn\u00fd p\u0159edseda rady Excel@FIT: Ing. V\u00edt\u011bzslav Beran, Ph.D. Prof. Ing. Adam Herout, Ph.D. Programov\u00e1 rada Excel@FIT: Ing. Martin Hrub\u00fd, Ph.D. Ing. Igor Sz\u0151ke, Ph.D. Prof. Ing. Adam Herout, Ph.D. Z\u00e1stupce pro partnery konference: Mgr. Sylva Sadovsk\u00e1 Z\u00e1stupce pro spolupr\u00e1ci s FIT: Ing. V\u00edt\u011bzslav Beran, Ph.D. Webmaster: Ing. [&hellip;]","protected":false},"author":2,"featured_media":2490,"parent":0,"menu_order":0,"comment_status":"closed","ping_status":"open","template":"","meta":{"_monsterinsights_skip_tracking":false,"_monsterinsights_sitenote_active":false,"_monsterinsights_sitenote_note":"","_monsterinsights_sitenote_category":0,"ngg_post_thumbnail":0,"footnotes":""},"class_list":["post-270","page","type-page","status-publish","has-post-thumbnail","hentry"],"_links":{"self":[{"href":"https:\/\/excel.fit.vutbr.cz\/2020\/wp-json\/wp\/v2\/pages\/270","targetHints":{"allow":["GET"]}}],"collection":[{"href":"https:\/\/excel.fit.vutbr.cz\/2020\/wp-json\/wp\/v2\/pages"}],"about":[{"href":"https:\/\/excel.fit.vutbr.cz\/2020\/wp-json\/wp\/v2\/types\/page"}],"author":[{"embeddable":true,"href":"https:\/\/excel.fit.vutbr.cz\/2020\/wp-json\/wp\/v2\/users\/2"}],"replies":[{"embeddable":true,"href":"https:\/\/excel.fit.vutbr.cz\/2020\/wp-json\/wp\/v2\/comments?post=270"}],"version-history":[{"count":73,"href":"https:\/\/excel.fit.vutbr.cz\/2020\/wp-json\/wp\/v2\/pages\/270\/revisions"}],"predecessor-version":[{"id":3058,"href":"https:\/\/excel.fit.vutbr.cz\/2020\/wp-json\/wp\/v2\/pages\/270\/revisions\/3058"}],"wp:featuredmedia":[{"embeddable":true,"href":"https:\/\/excel.fit.vutbr.cz\/2020\/wp-json\/wp\/v2\/media\/2490"}],"wp:attachment":[{"href":"https:\/\/excel.fit.vutbr.cz\/2020\/wp-json\/wp\/v2\/media?parent=270"}],"curies":[{"name":"wp","href":"https:\/\/api.w.org\/{rel}","templated":true}]}}