{"id":257,"date":"2014-10-15T14:57:55","date_gmt":"2014-10-15T12:57:55","guid":{"rendered":"http:\/\/excel.fit.vutbr.cz\/2021\/?page_id=257"},"modified":"2021-04-13T16:21:09","modified_gmt":"2021-04-13T14:21:09","slug":"pro-studenty","status":"publish","type":"page","link":"https:\/\/excel.fit.vutbr.cz\/2021\/pro-studenty\/","title":{"rendered":"Pro studenty"},"content":{"rendered":"<h2>Studujete na FIT?<\/h2>\r\n<p><strong>P\u0159ij\u010fte na Excel@FIT:<\/strong><\/p>\r\n<ul>\r\n\t<li><strong>Pochlubit se<\/strong> svou diplomkou nebo bakal\u00e1\u0159kou.<\/li>\r\n\t<li><strong>Inspirovat se<\/strong> pracemi ostatn\u00edch student\u016f.<\/li>\r\n\t<li><strong>Setkat se<\/strong> se z\u00e1stupci firem, kter\u00e9 hledaj\u00ed kvalifikovan\u00e9 absolventy v na\u0161em regionu.<\/li>\r\n\t<li><strong>Nabrat zku\u0161enosti<\/strong> s prezentov\u00e1n\u00edm vlastn\u00ed pr\u00e1ce a z debat o pr\u00e1ci druh\u00fdch.<\/li>\r\n\t<li><strong>Pob\u00fdt<\/strong> v komunit\u011b akademick\u00fdch pracovn\u00edk\u016f, aktivn\u00edch student\u016f, lid\u00ed z praxe, absolvent\u016f.<\/li>\r\n\t<li><strong>Z\u00edskat<\/strong> finan\u010dn\u00ed ocen\u011bn\u00ed za zaj\u00edmav\u00fd v\u00fdsledek va\u0161\u00ed pr\u00e1ce.<\/li>\r\n<\/ul>\r\n<h2>Jak se z\u00fa\u010dastnit?<\/h2>\r\n<ul>\r\n\t<li>Napi\u0161te \u010dl\u00e1nek o sv\u00e9 pr\u00e1ci (diplomce, bakal\u00e1\u0159ce, vlastn\u00edm projektu, v\u00fdzkumn\u00fdch experimentech, &#8230;) a odevzdejte ho podle pokyn\u016f n\u00ed\u017ee.<\/li>\r\n\t<li>Pokud si nejste jisti, jestli z va\u0161eho projekt\u00edku \u010dl\u00e1nek jde napsat (v\u011bt\u0161inou jde!), pora\u010fte se se sv\u00fdm vedouc\u00edm nebo s organiz\u00e1tory Excel@FIT.<\/li>\r\n\t<li>P\u0159ij\u010fte se jen tak pod\u00edvat na \u010dl\u00e1nky a plak\u00e1tky ostatn\u00edch student\u016f.<\/li>\r\n<\/ul>\r\n<h2>Tematick\u00e9 okruhy \u010dl\u00e1nk\u016f<\/h2>\r\n<p>V\u0161e, co se studuje a \u0159e\u0161\u00ed na FITu, tedy krom\u011b jin\u00e9ho:<br>\r\n<span class=\"label label-primary\">Po\u010d\u00edta\u010dov\u00e1 architektura a vestav\u011bn\u00e9 syst\u00e9my<\/span> <span class=\"label label-primary\">Testov\u00e1n\u00ed, anal\u00fdza a verifikace hardware<\/span> <span class=\"label label-primary\">Syst\u00e9my re\u00e1ln\u00e9ho \u010dasu<\/span> <span class=\"label label-primary\">Syst\u00e9my odoln\u00e9 v\u016f\u010di poruch\u00e1m<\/span> <span class=\"label label-primary\">Opera\u010dn\u00ed syst\u00e9my<\/span> <span class=\"label label-primary\">Datab\u00e1ze a data-mining<\/span> <span class=\"label label-primary\">Webov\u00e9 technologie<\/span> <span class=\"label label-primary\">Informa\u010dn\u00ed syst\u00e9my<\/span> <span class=\"label label-primary\">Zpracov\u00e1n\u00ed obrazov\u00fdch dat<\/span> <span class=\"label label-primary\">Zpracov\u00e1n\u00ed zvuku<\/span> <span class=\"label label-primary\">Anal\u00fdza textov\u00fdch dat<\/span> <span class=\"label label-primary\">Po\u010d\u00edta\u010dov\u00e1 grafika<\/span> <span class=\"label label-primary\">Robotika a um\u011bl\u00e1 inteligence<\/span> <span class=\"label label-primary\">Kryptografie<\/span> <span class=\"label label-primary\">Bezpe\u010dnost<\/span> <span class=\"label label-primary\">Po\u010d\u00edta\u010dov\u00e9 s\u00edt\u011b<\/span> <span class=\"label label-primary\">Bioinformatika<\/span> <span class=\"label label-primary\">U\u017eivatelsk\u00e1 rozhran\u00ed<\/span> <span class=\"label label-primary\">Modelov\u00e1n\u00ed a simulace<\/span> <span class=\"label label-primary\">Form\u00e1ln\u00ed jazyky a automaty<\/span> <span class=\"label label-primary\">Programovac\u00ed jazyky a p\u0159eklada\u010de<\/span> <span class=\"label label-primary\">Paraleln\u00ed a distribuovan\u00e9 v\u00fdpo\u010dty<\/span> <span class=\"label label-primary\">Nekonven\u010dn\u00ed v\u00fdpo\u010detn\u00ed techniky<\/span> <span class=\"label label-primary\">N\u00e1vrh software<\/span> <span class=\"label label-primary\">Form\u00e1ln\u00ed metody<\/span><\/p>\r\n<h2>Zam\u011b\u0159en\u00ed pr\u00e1ce<\/h2>\r\n<ul>\r\n\t<li>V\u00ddZKUM \/ RESEARCH &#8211; v\u00fdzkumn\u00e1 pr\u00e1ce<\/li>\r\n\t<li>DEMONSTRACE \/ DEMONSTRATION &#8211; experiment\u00e1ln\u00ed ov\u011b\u0159en\u00ed nebo demonstrace konceptu<\/li>\r\n\t<li>INOVACE \/ INNOVATION &#8211; vylep\u0161en\u00ed existuj\u00edc\u00ed metody nebo jej\u00ed implementace, v\u010detn\u011b odstran\u011bn\u00ed omezen\u00ed<\/li>\r\n\t<li>IMPLEMENTACE \/ IMPLEMENTATION &#8211; implementace existuj\u00edc\u00ed metody<\/li>\r\n\t<li>STARTUP \/ STARTUP &#8211; \u0159e\u0161en\u00ed vytvo\u0159en\u00e1 s c\u00edlem n\u00e1sledn\u00e9 komercializace<\/li>\r\n\t<li>OPENSOURCE &#8211; \u0159e\u0161en\u00ed vytvo\u0159en\u00e9 pro komunitu<\/li>\r\n\t<li>ZAK\u00c1ZKA \/ JOB &#8211; \u0159e\u0161en\u00ed vytvo\u0159en\u00e9 na m\u00edru podle extern\u011b zadan\u00fdch po\u017eadavk\u016f<\/li>\r\n\t<li>Z\u00c1BAVA \/ HOBBY &#8211; pr\u00e1ce pro z\u00e1bavu<\/li>\r\n<\/ul>\r\n<h2>Harmonogram<\/h2>\r\n<div class=\"panel panel-default\">\r\n<div class=\"panel-heading\">od 28. 2. <strong>registrujte se a odevzdejte \u010dl\u00e1nek<\/strong><\/div>\r\n<div class=\"panel-body\">\r\n<ul>\r\n\t<li>N\u00e1vod na vypracov\u00e1n\u00ed \u010dl\u00e1nku: <a title=\"Pokyny k vypracov\u00e1n\u00ed p\u0159\u00edsp\u011bvku - ke sta\u017een\u00ed - PDF\" href=\"\/download\/210216-ExcelFIT-HowToWrite.pdf\"><strong>st\u00e1hnout [PDF]<\/strong><\/a>.<\/li>\r\n\t<li>Z\u00e1vazn\u00e1 LaTeX \u0161ablona: <a title=\"\u0160ablona LaTeX\" href=\"\/download\/210216-Excel@FIT template.zip\"><strong>st\u00e1hnout [ZIP]<\/strong><\/a> (ano, spr\u00e1vn\u011b, mus\u00edte pou\u017e\u00edt LaTeX).<\/li>\r\n\t<li>O\u010dek\u00e1van\u00fd rozsah \u010dl\u00e1nku je cca 4-5 vys\u00e1zen\u00fdch stran. Pokud se dok\u00e1\u017eete vyj\u00e1d\u0159it na dv\u011b strany a \u010dl\u00e1nek obsahuje v\u0161e, co m\u00e1, nevypl\u0148ujte ho vatou. Pokud je text hutn\u00fd a \u017e\u00e1dnou v\u011btu ji\u017e nelze odstranit, ani\u017e by do\u0161lo ke ztr\u00e1t\u011b jeho smyslu, m\u016f\u017eete m\u00edt t\u0159eba 6 nebo 7 stran.<\/li>\r\n\t<li>Odevzd\u00e1vejte PDF (s \u010d\u00edslovan\u00fdmi \u0159\u00e1dky, jak je zapnuto v \u0161ablon\u011b) spole\u010dn\u011b se zdrojov\u00fdmi k\u00f3dy v LaTeXu a pot\u0159ebn\u00fdmi obr\u00e1zky.<\/li>\r\n<\/ul>\r\n<p><a class=\"btn btn-primary\" href=\"#pokynyProOdevzdaniClanku\" data-toggle=\"collapse\" aria-expanded=\"false\" aria-controls=\"collapseExample\">N\u00e1vod pro odevzd\u00e1n\u00ed \u010dl\u00e1nku v syst\u00e9mu EasyChair<\/a><\/p>\r\n<div id=\"pokynyProOdevzdaniClanku\" class=\"collapse\">\r\n<div class=\"well\">\r\n<div class=\"alert alert-info\" role=\"alert\">Odevzd\u00e1n\u00edm \u010dl\u00e1nku a souvisej\u00edc\u00edch materi\u00e1l\u016f souhlas\u00edm s jejich zve\u0159ejn\u011bn\u00edm a poskytnut\u00edm dal\u0161\u00edm stran\u00e1m.<\/div>\r\n<p>1) <strong><a title=\"Konferen\u010dn\u00ed syst\u00e9m EasyChair pro Excel@FIT\" href=\"https:\/\/easychair.org\/conferences\/?conf=excelfit2021\">P\u0159ihlaste se do syst\u00e9mu EasyChair<\/a><\/strong>. Pokud je\u0161t\u011b nem\u00e1te \u00fa\u010det, vytvo\u0159te si jej.<\/p>\r\n<p>2) V <strong><a title=\"Konferen\u010dn\u00ed syst\u00e9m EasyChair pro Excel@FIT\" href=\"https:\/\/easychair.org\/conferences\/?conf=excelfit2021\">syst\u00e9mu EasyChair<\/a><\/strong> klikn\u011bte vlevo naho\u0159e na <strong>New Submission<\/strong>.<\/p>\r\n<p>3) Vypl\u0148te n\u00e1sledovn\u011b:<\/p>\r\n<ul>\r\n\t<li><strong>First name\u2020 (*)<\/strong>: jm\u00e9no<\/li>\r\n\t<li><strong>Last name (*)<\/strong>: p\u0159\u00edjmen\u00ed<\/li>\r\n\t<li><strong>Email (*)<\/strong>: FIT email !!!<\/li>\r\n\t<li><strong>Country (*)<\/strong>: Czech Republic<\/li>\r\n\t<li><strong>Organization (*)<\/strong>: FIT VUT<\/li>\r\n\t<li><strong>Web site<\/strong>: nic<\/li>\r\n\t<li><strong>Corresponding author<\/strong>: ANO<\/li>\r\n<\/ul>\r\n<ul>\r\n\t<li><strong>Title<\/strong>: n\u00e1zev \u010dl\u00e1nku (copy\/paste z \u010dl\u00e1nku)<\/li>\r\n\t<li><strong>Abstract<\/strong>: abstrakt (copy\/paste z \u010dl\u00e1nku)<\/li>\r\n\t<li><strong>Keywords<\/strong>: kl\u00ed\u010dov\u00e1 slova (copy\/paste z \u010dl\u00e1nku)<\/li>\r\n\t<li><strong>Topics<\/strong>:\r\n\r\n\r\n<ul>\r\n\t<li><strong>Tematick\u00e9 okruhy \u010dl\u00e1nku<\/strong>: vyberte jedno nejbli\u017e\u0161\u00ed t\u00e9ma. Pokud je to t\u0159eba 50:50, tak vyberte 2. Nevyb\u00edrejte jich mnoho jenom proto, \u017ee jste se jednou o tom t\u00e9matu zm\u00ednili v \u010dl\u00e1nku.<\/li>\r\n\t<li><strong>Zam\u011b\u0159en\u00ed pr\u00e1ce<\/strong>: vyberte jedno zam\u011b\u0159en\u00ed, kter\u00e9 je nejbl\u00ed\u017ee Va\u0161\u00ed pr\u00e1ci.<\/li>\r\n<\/ul>\r\n<\/li>\r\n<\/ul>\r\n<p>Pokud je v\u00edce autor\u016f, tak podobn\u011b vypl\u0148te i ty ostatn\u00ed.<\/p>\r\n<ul>\r\n\t<li><strong>Upload paper<\/strong>: p\u0159ilo\u017ete hotov\u00e9 PDF \u010dl\u00e1nku<\/li>\r\n\t<li><strong>Upload attachement<\/strong>: p\u0159ilo\u017ete zip se zdroj\u00e1ky LaTeXu<\/li>\r\n<\/ul>\r\n<p>4) Klikn\u011bte na <strong>Submit!<\/strong><\/p>\r\n<p>V p\u0159\u00edpad\u011b, \u017ee budete m\u00edt novou verzi \u010dl\u00e1nku, m\u016f\u017eete vpravo naho\u0159e vyu\u017e\u00edt odkazu <strong>Add or update files<\/strong>.<\/p>\r\n<\/div>\r\n<\/div>\r\n<\/div>\r\n<\/div>\r\n<div class=\"panel panel-default\">\r\n<div class=\"panel-heading\">do 28. 3. pr\u00e1ce, pr\u00e1ce, pr\u00e1ce<\/div>\r\n<div class=\"panel-body\">\r\n<ul>\r\n\t<li><strong>pracujte<\/strong> na sv\u00e9m n\u00e1padu, studujte, zkou\u0161ejte, experimentujte, programujte<\/li>\r\n\t<li><strong>konzultujte<\/strong> sv\u00e9 n\u00e1pady a postup pr\u00e1ce s mentory (akademici a v\u00fdzkumn\u00edci na FIT)<\/li>\r\n\t<li><strong>vyhodnocujte<\/strong> \u0159e\u0161en\u00ed <strong>a diskutujte<\/strong> v\u00fdsledky (s mentory, kolegy, kamar\u00e1dy)<\/li>\r\n\t<li><strong>pi\u0161te<\/strong> text \u010dl\u00e1nku &#8211; \u010desky, slovensky, anglicky<\/li>\r\n\t<li><strong>sledujte<\/strong> informace o konferenci<\/li>\r\n\t<li><strong>hl\u00eddejte<\/strong> si term\u00edny a podm\u00ednky<\/li>\r\n<\/ul>\r\n<\/div>\r\n<\/div>\r\n<div class=\"panel panel-default\">\r\n<div class=\"panel-heading deadline\">28. 3. <strong>konec registrace a term\u00edn odevzd\u00e1n\u00ed \u010dl\u00e1nku<\/strong><\/div>\r\n<\/div>\r\n<div class=\"panel panel-default\">\r\n<div class=\"panel-heading\">po sd\u011blen\u00ed recenze v EasyChair (cca 8. 4.), <strong>aktualizujte sv\u016fj \u010dl\u00e1nek<\/strong><\/div>\r\n<div class=\"panel-body\">\r\n<ul>\r\n\t<li>Reagujte a zapracujte p\u0159ipom\u00ednky a doporu\u010den\u00ed recenzenta.<\/li>\r\n\t<li>\u010cl\u00e1nek je rovn\u011b\u017e mo\u017en\u00e9 doplnit a roz\u0161\u00ed\u0159it o nov\u00e9 informace \u010di experimenty nad r\u00e1mec doporu\u010den\u00ed recenzenta.<\/li>\r\n\t<li>Napi\u0161te vyj\u00e1d\u0159en\u00ed k recenz\u00edm a k aktualizaci \u010dl\u00e1nku &#8211; max 200 slov o tom, jak\u00e9 \u00fapravy v \u010dl\u00e1nku jsou, v \u010dem se recenzenti m\u00fdl\u00ed, co p\u0159ehl\u00e9dli, apod.<\/li>\r\n<\/ul>\r\n<\/div>\r\n<\/div>\r\n<div class=\"panel panel-default\">\r\n<div class=\"panel-heading deadline\">do 26. 4. 23:59 <strong>odevzdejte aktualizovan\u00fd \u010dl\u00e1nek<\/strong> v\u010detn\u011b vyj\u00e1d\u0159en\u00ed k recenz\u00edm, tj. n\u00e1sleduj\u00edc\u00ed dokumenty:<\/div>\r\n<div class=\"panel-body\">\r\n<ul>\r\n\t<li><strong>aktualizovan\u00fd \u010dl\u00e1nek<\/strong> &#8211; v PDF + LaTeXov\u00e9 zdroj\u00e1ky a obr\u00e1zky<\/li>\r\n\t<li><strong>vyj\u00e1d\u0159en\u00ed<\/strong> k recenz\u00edm a k aktualizaci \u010dl\u00e1nku &#8211; max 200 slov plaintext<\/li>\r\n<\/ul>\r\n<\/div>\r\n<\/div>\r\n<div class=\"panel panel-default\">\r\n<div class=\"panel-heading deadline\">do 29. 4. 23:59 <strong>odevzdejte prezenta\u010dn\u00ed materi\u00e1ly<\/strong>:<\/div>\r\n<div class=\"panel-body\">\r\n<ul>\r\n\t<li>n\u00e1hled pr\u00e1ce<\/li>\r\n\t<li>shrnuj\u00edc\u00ed slajd<\/li>\r\n<\/ul>\r\n<p><span class=\"label label-info\" style=\"display: none;\">v p\u0159\u00edprav\u011b<\/span> <a  class=\"btn btn-primary\" href=\"\/download\/manual-pro-autory-prezentacni-materialy-Excel@FIT2021.pdf\"><strong>n\u00e1vod zde<\/strong><\/a><\/p>\r\n<\/div>\r\n<\/div>\r\n<div class=\"panel panel-default\">\r\n<div class=\"panel-heading\">kolem 30. 4. se dozv\u00edte, zda va\u0161e pr\u00e1ce byla p\u0159ijata do konference<\/div>\r\n<div class=\"panel-body\">\r\n<ul>\r\n\t<li>V\u0161echny p\u0159ijat\u00e9 pr\u00e1ce budou prezentov\u00e1ny formou diskuse \u00fa\u010dastn\u00edk\u016f viz FAQ.<\/li>\r\n\t<li>N\u011bkter\u00e9 pr\u00e1ce se do konference prost\u011b nevejdou &#8211; pohl\u00eddejte si, \u017ee nebudete mezi nimi a vyla\u010fte proto sv\u016fj \u010dl\u00e1nek.<\/li>\r\n<\/ul>\r\n<\/div>\r\n<\/div>\r\n<div class=\"panel panel-default\">\r\n<div class=\"panel-heading conference\" style=\"font-size:0.95em\"><strong>6. 5. kon\u00e1n\u00ed konference Excel@FIT 2021<\/strong><\/div>\r\n<\/div>\r\n<p>&nbsp;<\/p>\r\n<h2>FAQs<\/h2>\r\n<div class=\"well\">\r\n<ul>\r\n\t<li><strong>V\u00fdsledek je t\u00fdmov\u00e1 pr\u00e1ce, co s t\u00edm?<\/strong><br>\r\nDo \u010dl\u00e1nku uve\u010fte v\u0161echny autory v\u00fdsledku. O p\u0159\u00edpadnou cenu se budete muset pod\u011blit.<\/li>\r\n\t<li><strong>Nejsem studentem FIT?<\/strong><br>\r\nTento ro\u010dn\u00edk je ur\u010den pouze pro student\/ky FIT, p\u0159esto v\u00e1s zveme k voln\u00e9 n\u00e1v\u0161t\u011bv\u011b konference.<\/li>\r\n\t<li><strong>Co m\u00e1 b\u00fdt ve &#8222;vyj\u00e1d\u0159en\u00ed k recenz\u00edm&#8220;?<\/strong><br>\r\nReakce autora \u010dl\u00e1nku na recenze. Pokud recenzenti hodnotili p\u0159\u00edli\u0161 p\u0159\u00edsn\u011b nebo nef\u00e9r, m\u016f\u017eete s nimi polemizovat. Pokud vyzvali k \u00faprav\u00e1m a vy jste je do \u010dl\u00e1nku zapracovali, upozorn\u011bte na svoje \u00fapravy. Toto vyj\u00e1d\u0159en\u00ed, spole\u010dn\u011b s recenzemi a p\u016fvodn\u00ed a aktualizovanou verz\u00ed \u010dl\u00e1nku budou m\u00edt k dispozici panely a podle nich budou posuzovat kvalitu \u010dl\u00e1nk\u016f.<\/li>\r\n\t<li><strong>Co je to shrnuj\u00edc\u00ed slajd?<\/strong><br>\r\nShrnuj\u00edc\u00ed slajd (angl. pitch slide) je sn\u00edmek (obr\u00e1zek), kter\u00fd shrnuje hlavn\u00ed my\u0161lenku\/v\u00fdsledek\/n\u00e1pad a pom\u00e1h\u00e1 l\u00e9pe sd\u011blit to nejd\u016fle\u017eit\u011bj\u0161\u00ed v 10 vte\u0159in\u00e1ch. V den konference se v\u0161ichni \u00fa\u010dastn\u00edci prost\u0159\u00eddaj\u00ed a ka\u017ed\u00fd ve dvou v\u011bt\u00e1ch pozve ke zkouknut\u00ed sv\u00e9 pr\u00e1ce &#8211; a vizu\u00e1ln\u011b mu k tomu pom\u016f\u017ee pr\u00e1v\u011b tento slajd.<\/li>\r\n\t<li><strong>K \u010demu je ten obrazov\u00fd n\u00e1hled?<\/strong><br>\r\nPou\u017eijeme ho ve webov\u00e9m sborn\u00edku &#8211; a asi i jinde &#8211; jako vizu\u00e1ln\u00ed pom\u016fcku k zapamatov\u00e1n\u00ed va\u0161\u00ed pr\u00e1ce. Obr\u00e1zek by m\u011bl na prvn\u00ed pohled vyjad\u0159ovat, o \u010dem je pr\u00e1ce &#8211; takov\u00fd mal\u00fd obrazov\u00fd abstrakt. Nevyj\u00e1d\u0159\u00ed v\u0161echno &#8211; m\u011bl by b\u00fdt \u010diteln\u00fd i p\u0159i zmen\u0161en\u00ed na 200&#215;200 pixel\u016f.<\/li>\r\n\t<li><strong>Moje pr\u00e1ce nem\u00e1 \u017e\u00e1dn\u00e9ho vedouc\u00edho. Co m\u00e1m d\u011blat?<\/strong><br>\r\nVedouc\u00edho m\u00edt nemus\u00edte. V takov\u00e9m p\u0159\u00edpad\u011b si s \u010dl\u00e1nkem a dal\u0161\u00edmi materi\u00e1ly mus\u00edte poradit s\u00e1m. M\u016f\u017ee b\u00fdt ale v\u00fdhodn\u011bj\u0161\u00ed (a doporu\u010dujeme to) kontaktovat n\u011bkoho z akademick\u00fdch pracovn\u00edk\u016f, kter\u00e9mu v\u011b\u0159\u00edte, kter\u00fd m\u00e1 bl\u00edzko k t\u00e9matu pr\u00e1ce a kter\u00fd by s \u010dl\u00e1nkem a v\u0161\u00edm ostatn\u00edm pomohl.<\/li>\r\n\t<li><strong>\u010cl\u00e1nek chci ps\u00e1t \u010desky\/slovensky. Jak\u00fdm jazykem napsat abstrakt?<\/strong><br>\r\nCel\u00fd \u010dl\u00e1nek a\u0165 je naps\u00e1n jedn\u00edm jazykem &#8211; pokud je \u010dl\u00e1nek anglicky, abstrakt a\u0165 je taky anglicky, kdy\u017e je \u010dl\u00e1nek \u010desky, abstrakt a\u0165 je taky \u010desky.<\/li>\r\n\t<li><a id=\"faqs_tutor_as_author\"><\/a><strong>M\u00e1m akademick\u00e9ho vedouc\u00edho pr\u00e1ce uv\u00e9st jako spoluautora?<\/strong><br>\r\nJak to c\u00edt\u00edte. Pokud pracujete na n\u00e1padu vedouc\u00edho pod jeho odborn\u00fdm veden\u00edm, ale v p\u0159\u00edsp\u011bvku prezentujete <strong>sv\u016fj osobn\u00ed p\u0159\u00ednos<\/strong> &#8211; zp\u016fsob zpracov\u00e1n\u00ed my\u0161lenky, jej\u00ed technick\u00e9 realizace, precizn\u00ed vyhodnocen\u00ed, kreativn\u00ed grafika atd., je vhodn\u00e9 ho zm\u00ednit v pod\u011bkov\u00e1n\u00ed (po z\u00e1v\u011bru, p\u0159ed literaturou, ne\u010d\u00edslovanou sekc\u00ed &#8211; \\section*{Acknowledgements}, \\section*{Pod\u011bkov\u00e1n\u00ed}). Pokud je ale prezentovan\u00fd v\u00fdsledek pr\u00e1ce Va\u0161\u00edm spole\u010dn\u00fdm d\u00edlem s vedouc\u00edm, je spr\u00e1vn\u00e9 ho uv\u00e9st jako spoluautora.<\/li>\r\n\t<li><strong>Ve sv\u00e9m \u0159e\u0161en\u00ed pou\u017e\u00edv\u00e1m pr\u00e1ci vedouc\u00edho, extern\u00ed knihovny, pr\u00e1ci spolu\u017e\u00e1k\u016f. M\u016f\u017eu? Jak to prezentovat?<\/strong><br>\r\nM\u016f\u017eete &#8211; nen\u00ed t\u0159eba vym\u00fd\u0161let kolo, je lep\u0161\u00ed vyu\u017e\u00edt knihovny t\u0159et\u00edch stran a znalosti a \u0159e\u0161en\u00ed vedouc\u00edho. Ve sv\u00e9m \u010dl\u00e1nku a v prezentaci ale prezentujte <strong>svoji<\/strong> pr\u00e1ci &#8211; jak jste s hotov\u00fdmi \u0159e\u0161en\u00edmi nalo\u017eili, co jste s nimi vymysleli, co je <strong>v\u00e1\u0161 p\u0159\u00ednos<\/strong>.<\/li>\r\n<li><strong>Co je diskuzn\u00ed p\u0159\u00edsp\u011bvek \u00fa\u010dastn\u00edka?<\/strong><br>\r\n    Letos nebudou na Excelu \u017e\u00e1dn\u00e9 &#8222;prezentace&#8220; nebo &#8222;p\u0159edn\u00e1\u0161ky&#8220; student\u016f, ale v\u0161ichni aktivn\u00ed \u00fa\u010dastn\u00edci dostanou p\u0159esn\u011b vymezen\u00fd \u010das (<strong>15 minut s p\u0159esn\u00fdm za\u010d\u00e1tkem<\/strong>), kde budou s ostatn\u00edmi \u00fa\u010dastn\u00edky Excelu <strong>diskutovat<\/strong> o sv\u00e9m \u0159e\u0161en\u00ed.<br>\r\n    Pros\u00edme:\r\n    <ul>        \r\n     <li>P\u0159ipravte si vhodn\u00fd po\u010det slajd\u016f (tak 5) s obr\u00e1zky, grafy, sch\u00e9maty \u2012 s v\u011bcmi, kter\u00e9 byste\r\njinak um\u00edstili na plak\u00e1t.<\/li>\r\n<li<strong>Nep\u0159ipravujte<\/strong> p\u0159edn\u00e1\u0161ku \u010di prezentaci. Va\u0161\u00edm \u00fakolem bude <strong>zaujmout<\/strong> ostatn\u00ed \u00fa\u010dastn\u00edky\r\ntak, aby m\u011bli chu\u0165 V\u00e1m sko\u010dit do \u0159e\u010di, pt\u00e1t se, souhlasit, nesouhlasit.<\/li>\r\n<li>Zkuste p\u0159edv\u00eddat ot\u00e1zky a pozn\u00e1mky k Va\u0161emu projektu a materi\u00e1l pro Va\u0161e odpov\u011bdi\r\np\u0159ipravte na slajdy. Ne proto, abyste jeden slajd za druh\u00fdm uk\u00e1zali a vylo\u017eili, ale abyste\r\nm\u011bli materi\u00e1l pro debatu s ostatn\u00edmi. Slajdy v\u016fbec nemus\u00edte ukazovat v p\u0159edem dan\u00e9m\r\npo\u0159ad\u00ed \u2012 bude dobr\u00e9, kdy\u017e je pou\u017eijete pr\u00e1v\u011b tehdy, kdy\u017e budou nejzaj\u00edmav\u011bj\u0161\u00ed a nejv\u00edc\r\npot\u0159eba, a nebo t\u0159eba n\u011bkter\u00e9 i nepou\u017eijete.<\/li>\r\n<li>P\u0159ipravte si mikrofon a kameru tak, abyste Vy sami mohli debatovat s ostatn\u00edmi.<\/li>\r\n    <\/ul>\r\n\r\n<\/li>\r\n<\/ul>\r\n<\/div>","protected":false},"excerpt":{"rendered":"P\u0159ij\u010fte na Excel@FIT pochlubit se svou diplomkou nebo bakal\u00e1\u0159kou, inspirovat se pracemi ostatn\u00edch student\u016f, setkat se se z\u00e1stupci firem, kter\u00e9 hledaj\u00ed kvalifikovan\u00e9 absolventy v na\u0161em regionu, nabrat zku\u0161enosti s prezentov\u00e1n\u00edm vlastn\u00ed pr\u00e1ce a z debat o pr\u00e1ci druh\u00fdch.","protected":false},"author":2,"featured_media":2941,"parent":0,"menu_order":0,"comment_status":"closed","ping_status":"closed","template":"","meta":{"_monsterinsights_skip_tracking":false,"_monsterinsights_sitenote_active":false,"_monsterinsights_sitenote_note":"","_monsterinsights_sitenote_category":0,"ngg_post_thumbnail":0,"footnotes":""},"class_list":["post-257","page","type-page","status-publish","has-post-thumbnail","hentry"],"_links":{"self":[{"href":"https:\/\/excel.fit.vutbr.cz\/2021\/wp-json\/wp\/v2\/pages\/257","targetHints":{"allow":["GET"]}}],"collection":[{"href":"https:\/\/excel.fit.vutbr.cz\/2021\/wp-json\/wp\/v2\/pages"}],"about":[{"href":"https:\/\/excel.fit.vutbr.cz\/2021\/wp-json\/wp\/v2\/types\/page"}],"author":[{"embeddable":true,"href":"https:\/\/excel.fit.vutbr.cz\/2021\/wp-json\/wp\/v2\/users\/2"}],"replies":[{"embeddable":true,"href":"https:\/\/excel.fit.vutbr.cz\/2021\/wp-json\/wp\/v2\/comments?post=257"}],"version-history":[{"count":298,"href":"https:\/\/excel.fit.vutbr.cz\/2021\/wp-json\/wp\/v2\/pages\/257\/revisions"}],"predecessor-version":[{"id":3249,"href":"https:\/\/excel.fit.vutbr.cz\/2021\/wp-json\/wp\/v2\/pages\/257\/revisions\/3249"}],"wp:featuredmedia":[{"embeddable":true,"href":"https:\/\/excel.fit.vutbr.cz\/2021\/wp-json\/wp\/v2\/media\/2941"}],"wp:attachment":[{"href":"https:\/\/excel.fit.vutbr.cz\/2021\/wp-json\/wp\/v2\/media?parent=257"}],"curies":[{"name":"wp","href":"https:\/\/api.w.org\/{rel}","templated":true}]}}