{"id":270,"date":"2014-10-15T18:12:20","date_gmt":"2014-10-15T16:12:20","guid":{"rendered":"http:\/\/excel.fit.vutbr.cz\/2021\/?page_id=270"},"modified":"2021-01-27T15:23:25","modified_gmt":"2021-01-27T14:23:25","slug":"kontakt","status":"publish","type":"page","link":"https:\/\/excel.fit.vutbr.cz\/2021\/kontakt\/","title":{"rendered":"Kontakt"},"content":{"rendered":"<table class=\"table table-hover table-bordered\">\r\n    <tbody>\r\n    <tr>\r\n    <th>P\u0159edseda rady Excel@FIT:<\/th>\r\n    <td><a href=\"https:\/\/www.fit.vut.cz\/person\/vojnar\/\">Prof. Ing. Tom\u00e1\u0161 Vojnar, Ph.D.<\/a><\/td>\r\n    <\/tr>\r\n    <tr>\r\n    <th>V\u00fdkonn\u00fd p\u0159edseda rady Excel@FIT:<\/th>\r\n    <td><a href=\"https:\/\/www.fit.vut.cz\/person\/ceskam\/\">RNDr. Milan \u010ce\u0161ka, Ph.D.<\/a><\/td>\r\n    <\/tr>\r\n    <tr>\r\n    <th>Programov\u00e1 rada Excel@FIT:<\/th>\r\n    <td>\r\n    <a href=\"https:\/\/www.fit.vut.cz\/person\/szoke\/\">Ing. Igor Sz\u0151ke, Ph.D.<\/a><br>\r\n    <a href=\"https:\/\/www.fit.vut.cz\/person\/herout\/\">Prof. Ing. Adam Herout, Ph.D.<\/a><\/td>\r\n    <\/tr>\r\n    <th>Z\u00e1stupce pro sponzory konference:<\/th>\r\n    <td><a href=\"https:\/\/www.fit.vut.cz\/person\/sadov\/\">Mgr. Sylva Sadovsk\u00e1<\/a><\/td>\r\n    <\/tr>    \r\n    <tr>\r\n    <th>Organiza\u010dn\u00ed v\u00fdbor <\/th>    \r\n    <td>\r\n    <a href=\"https:\/\/www.fit.vut.cz\/person\/ceskam\/\">RNDr. Milan \u010ce\u0161ka, Ph.D.<\/a><br>\r\n    <a href=\"https:\/\/www.fit.vut.cz\/person\/beranv\/\">Ing. V\u00edt\u011bzslav Beran, Ph.D.<\/a><br>\r\n    <a href=\"https:\/\/www.fit.vut.cz\/person\/szoke\/\">Ing. Igor Sz\u0151ke, Ph.D.<\/a><br>\r\n    <a href=\"https:\/\/www.fit.vut.cz\/person\/herout\/\">Prof. Ing. Adam Herout, Ph.D.<\/a><br>\r\n    <a href=\"https:\/\/www.fit.vut.cz\/person\/vojnar\/\">Prof. Ing. Tom\u00e1\u0161 Vojnar, Ph.D.<\/a><br>\r\n    <a href=\"https:\/\/www.fit.vut.cz\/person\/iveigend\/\">Ing. Petr Veigend<\/a><br>\r\n    <a href=\"https:\/\/www.fit.vut.cz\/person\/sadov\/\">Mgr. Sylva Sadovsk\u00e1<\/a><br>\r\n    <a href=\"https:\/\/www.fit.vut.cz\/person\/zizkaj\/\">Ing. Josef \u017di\u017eka<\/a><br>\r\n    <a href=\"https:\/\/www.fit.vut.cz\/person\/veselyv\/\">Ing. Vladim\u00edr Vesel\u00fd, Ph.D.<\/a><br>\r\n    <a href=\"https:\/\/www.fit.vut.cz\/person\/petruskova\/\">Ing. Hana Petru\u0161kov\u00e1<\/a><br>\r\n    <a href=\"https:\/\/www.fit.vut.cz\/person\/necasovah\/\">Mgr. Hana Ne\u010dasov\u00e1<\/a><br>\r\n    <a href=\"https:\/\/www.fit.vut.cz\/person\/rozmanj\/\">Ing. Jaroslav Rozman, Ph.D<\/a><br>\r\n    <a href=\"https:\/\/www.fit.vut.cz\/person\/ifajcik\/\">Ing. Martin Faj\u010d\u00edk<\/a><br>\r\n    zam\u011bstnanci CVT a knihovny FIT\r\n     <\/td>\r\n    <\/tr>\r\n    <\/tbody>\r\n    <\/table>\r\n    <div class=\"well well-lg\"><strong>Email: <a href=\"mailto:excel@fit.vutbr.cz\">excel@fit.vutbr.cz<\/a><\/strong><\/div>\r\n    <address><strong>Adresa kon\u00e1n\u00ed sout\u011b\u017ee:<\/strong><br \/> Fakulta informa\u010dn\u00edch technologi\u00ed<br \/> Vysok\u00e9ho u\u010den\u00ed technick\u00e9ho v Brn\u011b<br \/> Bo\u017eet\u011bchova 1\/2<br \/> 612 66 Brno, Czech Republic<\/address><iframe loading=\"lazy\" class=\"embed-responsive-item\" style=\"border: 0;\" src=\"https:\/\/www.google.com\/maps\/embed?pb=!1m14!1m8!1m3!1d2605.6299844184045!2d16.597121999999995!3d49.226544000000004!3m2!1i1024!2i768!4f13.1!3m3!1m2!1s0x471294099dc06bbb%3A0xbfcf161b01a48b0d!2sFakulta+informa%C4%8Dn%C3%ADch+technologi%C3%AD+VUT+v+Brn%C4%9B!5e0!3m2!1scs!2scz!4v1413557771477\" width=\"100%\" height=\"400\" frameborder=\"0\"><\/iframe>\r\n","protected":false},"excerpt":{"rendered":"P\u0159edseda rady Excel@FIT: Prof. Ing. Tom\u00e1\u0161 Vojnar, Ph.D. V\u00fdkonn\u00fd p\u0159edseda rady Excel@FIT: RNDr. Milan \u010ce\u0161ka, Ph.D. Programov\u00e1 rada Excel@FIT: Ing. Igor Sz\u0151ke, Ph.D. Prof. Ing. Adam Herout, Ph.D. Z\u00e1stupce pro sponzory konference: Mgr. Sylva Sadovsk\u00e1 Organiza\u010dn\u00ed v\u00fdbor RNDr. Milan \u010ce\u0161ka, Ph.D. Ing. V\u00edt\u011bzslav Beran, Ph.D. Ing. Igor Sz\u0151ke, Ph.D. Prof. Ing. Adam Herout, Ph.D. Prof. [&hellip;]","protected":false},"author":2,"featured_media":2490,"parent":0,"menu_order":0,"comment_status":"closed","ping_status":"open","template":"","meta":{"_monsterinsights_skip_tracking":false,"_monsterinsights_sitenote_active":false,"_monsterinsights_sitenote_note":"","_monsterinsights_sitenote_category":0,"ngg_post_thumbnail":0,"footnotes":""},"class_list":["post-270","page","type-page","status-publish","has-post-thumbnail","hentry"],"_links":{"self":[{"href":"https:\/\/excel.fit.vutbr.cz\/2021\/wp-json\/wp\/v2\/pages\/270","targetHints":{"allow":["GET"]}}],"collection":[{"href":"https:\/\/excel.fit.vutbr.cz\/2021\/wp-json\/wp\/v2\/pages"}],"about":[{"href":"https:\/\/excel.fit.vutbr.cz\/2021\/wp-json\/wp\/v2\/types\/page"}],"author":[{"embeddable":true,"href":"https:\/\/excel.fit.vutbr.cz\/2021\/wp-json\/wp\/v2\/users\/2"}],"replies":[{"embeddable":true,"href":"https:\/\/excel.fit.vutbr.cz\/2021\/wp-json\/wp\/v2\/comments?post=270"}],"version-history":[{"count":78,"href":"https:\/\/excel.fit.vutbr.cz\/2021\/wp-json\/wp\/v2\/pages\/270\/revisions"}],"predecessor-version":[{"id":3221,"href":"https:\/\/excel.fit.vutbr.cz\/2021\/wp-json\/wp\/v2\/pages\/270\/revisions\/3221"}],"wp:featuredmedia":[{"embeddable":true,"href":"https:\/\/excel.fit.vutbr.cz\/2021\/wp-json\/wp\/v2\/media\/2490"}],"wp:attachment":[{"href":"https:\/\/excel.fit.vutbr.cz\/2021\/wp-json\/wp\/v2\/media?parent=270"}],"curies":[{"name":"wp","href":"https:\/\/api.w.org\/{rel}","templated":true}]}}