{"id":246,"date":"2013-11-27T12:41:54","date_gmt":"2013-11-27T12:41:54","guid":{"rendered":"http:\/\/eventmanagerblog.com\/event-wordpress-theme-tyler\/?page_id=2"},"modified":"2025-05-05T19:16:50","modified_gmt":"2025-05-05T17:16:50","slug":"program","status":"publish","type":"page","link":"https:\/\/excel.fit.vutbr.cz\/2025\/program\/","title":{"rendered":"Program"},"content":{"rendered":"\r\n<div id=\"program\">\r\n    <div class=\"row\">\r\n        <div class=\"col-md-12\">\r\n            <p>\r\n11. ro\u010dn\u00edk konference Excel@FIT prob\u011bhne v \u00fater\u00fd 6. 5. 2025 na Fakult\u011b informa\u010dn\u00edch technologi\u00ed VUT v Brn\u011b a my u\u017e se nem\u016f\u017eeme do\u010dkat, a\u017e V\u00e1m p\u0159edstav\u00edme leto\u0161n\u00ed p\u0159ijat\u00e9 autorsk\u00e9 pr\u00e1ce na\u0161ich studuj\u00edc\u00edch. V r\u00e1mci konference se budou prezentovat tak\u00e9 na\u0161i pr\u016fmyslov\u00ed partne\u0159i z IT oboru.<\/p>\r\n        <\/div>\r\n    <\/div>\r\n<h3>Program konference<\/h3>\r\n<div class=\"row\">\r\n<div class=\"col-md-6\">\r\n<table class=\"program-table table\">\r\n<tbody>\r\n<tr class=\"default\">\r\n<th>12:00-12:05<\/th>\r\n<td>Zah\u00e1jen\u00ed konference a uv\u00edt\u00e1n\u00ed panem d\u011bkanem<\/td>\r\n<td><a href=\"https:\/\/www.fit.vut.cz\/fit\/room\/D105\/\">D105<\/a><\/td>\r\n<\/tr>\r\n<tr class=\"default\">\r\n    <th>12:05-13:00<\/th>\r\n    <td>Panelov\u00e1 diskuze s IT profesion\u00e1ly na t\u00e9ma <em>Co mi dalo studium na V\u0160 a kde jsem dnes?<\/em><\/td>\r\n    <td><a href=\"https:\/\/www.fit.vut.cz\/fit\/room\/D105\/\">D105<\/a><\/td>\r\n<\/tr>\r\n<tr class=\"default\">\r\n<th>13:00-15:55<\/th>\r\n<td>P\u0159ehl\u00eddka studentsk\u00fdch prac\u00ed<br><small>V are\u00e1lu FIT budou rozm\u00edst\u011bny postery prezentuj\u00edc\u00ed projekty na\u0161ich studuj\u00edc\u00edch, u nich\u017e budete m\u00edt mo\u017enost si pohovo\u0159it s jejich autorkami a autory.<br><br>Hlasov\u00e1n\u00ed bude prob\u00edhat od 13:00 do 15:20.<\/small><\/td>\r\n<td><\/td>\r\n<\/tr>\r\n<tr class=\"default\">\r\n<th>16:00<\/th>\r\n<td>Vyhl\u00e1\u0161en\u00ed v\u00fdsledk\u016f<br>\r\n<small>Pr\u00e1ce budou hodnoceny ve t\u0159ech kategori\u00edch: \r\n<ul>\r\n<li>ocen\u011bn\u00ed odborn\u00fdm panelem,<\/li>\r\n<li>ocen\u011bn\u00ed firemn\u00edmi partnery,<\/li>\r\n<li>nejlep\u0161\u00ed pr\u00e1ce dle ve\u0159ejnosti - V\u0161ichni n\u00e1v\u0161t\u011bvn\u00edci maj\u00ed mo\u017enost hlasovat pro sv\u00e9ho favorita.<\/li>\r\n<\/ul><\/small>\r\n<\/td>\r\n<td><a href=\"https:\/\/www.fit.vut.cz\/fit\/room\/D105\/\">D105<\/a><\/td>\r\n<\/tr>\r\n<\/tbody>\r\n<\/table>\r\n<p>Po skon\u010den\u00ed konference bude n\u00e1sledovat raut.<\/p>\r\n<\/div>\r\n<div class=\"col-md-6\"><img src=\"\/wp-content\/themes\/Tyler2024\/images\/ucastnici.jpg\" alt=\"\"><\/div>\r\n<\/div>\r\n\r\n\r\n<\/div>\r\n<br><br><br>\r\n\r\n","protected":false},"excerpt":{"rendered":"Program konference Excel@FIT, kter\u00e1 se kon\u00e1 na Fakult\u011b informa\u010dn\u00edch technologi\u00ed VUT v Brn\u011b.  ","protected":false},"author":2,"featured_media":3673,"parent":0,"menu_order":0,"comment_status":"closed","ping_status":"closed","template":"","meta":{"_monsterinsights_skip_tracking":false,"_monsterinsights_sitenote_active":false,"_monsterinsights_sitenote_note":"","_monsterinsights_sitenote_category":0,"ngg_post_thumbnail":0,"footnotes":""},"class_list":["post-246","page","type-page","status-publish","has-post-thumbnail","hentry"],"aioseo_notices":[],"_links":{"self":[{"href":"https:\/\/excel.fit.vutbr.cz\/2025\/wp-json\/wp\/v2\/pages\/246","targetHints":{"allow":["GET"]}}],"collection":[{"href":"https:\/\/excel.fit.vutbr.cz\/2025\/wp-json\/wp\/v2\/pages"}],"about":[{"href":"https:\/\/excel.fit.vutbr.cz\/2025\/wp-json\/wp\/v2\/types\/page"}],"author":[{"embeddable":true,"href":"https:\/\/excel.fit.vutbr.cz\/2025\/wp-json\/wp\/v2\/users\/2"}],"replies":[{"embeddable":true,"href":"https:\/\/excel.fit.vutbr.cz\/2025\/wp-json\/wp\/v2\/comments?post=246"}],"version-history":[{"count":277,"href":"https:\/\/excel.fit.vutbr.cz\/2025\/wp-json\/wp\/v2\/pages\/246\/revisions"}],"predecessor-version":[{"id":3715,"href":"https:\/\/excel.fit.vutbr.cz\/2025\/wp-json\/wp\/v2\/pages\/246\/revisions\/3715"}],"wp:featuredmedia":[{"embeddable":true,"href":"https:\/\/excel.fit.vutbr.cz\/2025\/wp-json\/wp\/v2\/media\/3673"}],"wp:attachment":[{"href":"https:\/\/excel.fit.vutbr.cz\/2025\/wp-json\/wp\/v2\/media?parent=246"}],"curies":[{"name":"wp","href":"https:\/\/api.w.org\/{rel}","templated":true}]}}